{"id":115,"date":"2022-09-27T00:37:27","date_gmt":"2022-09-27T00:37:27","guid":{"rendered":"https:\/\/ingenieria-expertise.com\/?page_id=115"},"modified":"2022-12-01T17:51:28","modified_gmt":"2022-12-01T17:51:28","slug":"api-571","status":"publish","type":"page","link":"https:\/\/ingenieria-expertise.com\/index.php\/api-571\/","title":{"rendered":"API 571"},"content":{"rendered":"<p>[vc_row full_width=&#8221;stretch_row_content&#8221; full_height=&#8221;yes&#8221; equal_height=&#8221;yes&#8221; css=&#8221;.vc_custom_1668191941089{background-image: url(https:\/\/ingenieria-expertise.com\/wp-content\/uploads\/2022\/11\/IngCurs-Banner-GRAL-1.jpg?id=387) !important;background-position: center !important;background-repeat: no-repeat !important;background-size: cover !important;}&#8221;][vc_column width=&#8221;1\/2&#8243;][vc_single_image image=&#8221;409&#8243; img_size=&#8221;full&#8221; alignment=&#8221;center&#8221;][\/vc_column][vc_column width=&#8221;1\/2&#8243;][vc_column_text el_class=&#8221;text_style&#8221;]<\/p>\n<h1 style=\"text-align: center; color: #ff6600;\">Curso API 571. Mecanismos de deterioro que afectan equipos est\u00e1ticos en la industria de Refinaci\u00f3n.<\/h1>\n<p style=\"text-transform: uppercase;\"><strong>DESCRIPCI\u00d3N:<\/strong><\/p>\n<p style=\"text-align: justify;\">Los mecanismos de da\u00f1o aplicables a las refiner\u00edas de petr\u00f3leo, aplicaciones petroqu\u00edmicas y otras aplicaciones industriales. Su objetivo es contribuir a la gesti\u00f3n general de la integridad de los equipos a presi\u00f3n, y es un recurso \u00fatil para muchas actividades del programa de integridad mec\u00e1nica.<\/p>\n<p style=\"text-transform: uppercase;\"><strong>DIRIGIDO A:<\/strong><\/p>\n<ul>\n<li>Ingenieros de confiabilidad operativa.<\/li>\n<li>Especialistas en inspecci\u00f3n y mantenimiento e integridad mec\u00e1nica.<\/li>\n<li>Todos aquellos involucrados en la seguridad de las instalaciones industriales de plantas qu\u00edmicas, de gas, petroqu\u00edmica y de refinaci\u00f3n; terminales de almacenamiento y recibo de petrol\u00edferos, y terminales de almacenamiento y distribuci\u00f3n de petrol\u00edfero<\/li>\n<\/ul>\n<p style=\"text-transform: uppercase;\"><strong>OBJETIVOS:<\/strong><\/p>\n<ul>\n<li>Identificaci\u00f3n del da\u00f1o o deterioro existente y tasas anticipadas de degradaci\u00f3n.<\/li>\n<li>Identificaci\u00f3n de las susceptibilidades del mecanismo de da\u00f1o futuro.<\/li>\n<li>Desarrollo y mantenimiento de estrategias, programas y planes de inspecci\u00f3n y seguimiento (por ejemplo: API 510, API 570 Y API 653).<\/li>\n<li>Implementaci\u00f3n y monitoreo de ventanas operativas de integridad (IOW, API 584).<\/li>\n<li>Desarrollo de documentos de control de corrosi\u00f3n (CCD, API 970).<\/li>\n<li>Implementaci\u00f3n de programas de inspecci\u00f3n basada en riesgo (RBI, API 580 Y API 581).<\/li>\n<li>Realizar evaluaciones de aptitud para el servicio (FFS) (API 579-1\/ASME FFS-1).<\/li>\n<li>Aplicaci\u00f3n de t\u00e9cnicas de inspecci\u00f3n.<\/li>\n<li>Realizar investigaciones de incidentes de integridad de equipos a presi\u00f3n (API 585).<\/li>\n<\/ul>\n<p>[\/vc_column_text][\/vc_column][\/vc_row][vc_row][vc_column][vc_column_text css=&#8221;.vc_custom_1665424037992{padding-top: 10px !important;padding-bottom: 10px !important;background-color: #384f70 !important;}&#8221;]<\/p>\n<h2 style=\"text-align: center;\"><strong><span style=\"color: #ff6600;\">PROGRAMA<\/span><\/strong><\/h2>\n<p>[\/vc_column_text][\/vc_column][\/vc_row][vc_row][vc_column width=&#8221;1\/2&#8243;][vc_column_text]<\/p>\n<ul style=\"text-align: justify;\">\n<li>Alcance<\/li>\n<li>T\u00e9rminos y definiciones.<\/li>\n<li>Mecanismos de da\u00f1o.<\/li>\n<li>Fragilizaci\u00f3n 885 \u00b0F (475 \u00b0C).<\/li>\n<li>Corrosi\u00f3n por aminas.<\/li>\n<li>Agrietamiento por corrosi\u00f3n bajo esfuerzos de aminas.<\/li>\n<li>Agrietamiento por corrosi\u00f3n bajo esfuerzos de amon\u00edaco.<\/li>\n<li>Corrosi\u00f3n por bisulfuro de amonio (agua agria alcalina).<\/li>\n<li>Corrosi\u00f3n por cloruro de amonio y clorhidrato de amina.<\/li>\n<li>Corrosi\u00f3n por \u00e1cidos org\u00e1nicos acuosos.<\/li>\n<li>Corrosi\u00f3n atmosf\u00e9rica.<\/li>\n<li>Corrosi\u00f3n del condensado de vapor y agua de caldera.<\/li>\n<li>Corrosi\u00f3n por salmuera.<\/li>\n<li>Fractura fr\u00e1gil.<\/li>\n<li>Agrietamiento por corrosi\u00f3n bajo esfuerzos de carbonato.<\/li>\n<li>Carburaci\u00f3n.<\/li>\n<li>Corrosi\u00f3n c\u00e1ustica.<\/li>\n<li>Agrietamiento por corrosi\u00f3n bajo esfuerzos c\u00e1ustica.<\/li>\n<li>Cavitaci\u00f3n.<\/li>\n<li>Agrietamiento por corrosi\u00f3n bajo esfuerzos por cloruros.<\/li>\n<li>Corrosi\u00f3n por CO2.<\/li>\n<li>Corrosi\u00f3n de celda de concentraci\u00f3n.<\/li>\n<li>Corrosi\u00f3n por agua de refrigeraci\u00f3n.<\/li>\n<li>Fatiga por corrosi\u00f3n.<\/li>\n<li>Corrosi\u00f3n bajo el aislamiento.<\/li>\n<li>Ruptura por fluencia y tensi\u00f3n.<\/li>\n<li>Desaleaci\u00f3n.<\/li>\n<li>Descarburaci\u00f3n.<\/li>\n<li>Agrietamiento de soldaduras de metales diferentes.<\/li>\n<li>Erosi\u00f3n\/Erosi\u00f3n-Corrosi\u00f3n.<\/li>\n<li>Agrietamiento por corrosi\u00f3n bajo tensi\u00f3n de etanol.<\/li>\n<li>Corrosi\u00f3n del punto de roc\u00edo de los gases de combusti\u00f3n.<\/li>\n<li>Corrosi\u00f3n por cenizas de combustible.<\/li>\n<li>Corrosi\u00f3n galv\u00e1nica.<\/li>\n<li>Ignici\u00f3n y combusti\u00f3n mejoradas con ox\u00edgeno gaseoso.<\/li>\n<li>Corrosi\u00f3n Grafita de Hierros Fundidos.<\/li>\n<li>Grafitizaci\u00f3n.<\/li>\n<li>Corrosi\u00f3n por H2\/H2S a alta temperatura.<\/li>\n<li>Ataque de hidr\u00f3geno a alta temperatura.<\/li>\n<li>Corrosi\u00f3n por \u00e1cido clorh\u00eddrico.<\/li>\n<li>Corrosi\u00f3n por \u00e1cido fluorh\u00eddrico.<\/li>\n<li>Agrietamiento por corrosi\u00f3n bajo tensi\u00f3n con \u00e1cido fluorh\u00eddrico de las aleaciones de n\u00edquel.<\/li>\n<li>Fragilizaci\u00f3n por hidr\u00f3geno.<\/li>\n<li>Agrietamiento por tensi\u00f3n de hidr\u00f3geno en \u00e1cido fluorh\u00eddrico.<\/li>\n<li>Fragilizaci\u00f3n del metal l\u00edquido.<\/li>\n<li>Fatiga mec\u00e1nica (incluida la fatiga inducida por vibraciones).<\/li>\n<li>Polvo de metal.<\/li>\n<li>Corrosi\u00f3n influenciada microbiol\u00f3gicamente.<\/li>\n<li>Corrosi\u00f3n por \u00e1cido naft\u00e9nico.<\/li>\n<li>Nitruraci\u00f3n.<\/li>\n<li>Oxidaci\u00f3n.<\/li>\n<li>Corrosi\u00f3n por agua de proceso oxigenada.<\/li>\n<li>Corrosi\u00f3n por fenol (\u00e1cido carb\u00f3lico).<\/li>\n<li>Corrosi\u00f3n por \u00e1cido fosf\u00f3rico.<\/li>\n<li>Agrietamiento por corrosi\u00f3n bajo esfuerzos por \u00e1cido politi\u00f3nico.<\/li>\n<li>Degradaci\u00f3n refractaria.<\/li>\n<li>Agrietamiento por relajaci\u00f3n de tensiones (agrietamiento por recalentamiento).<\/li>\n<li>Ruptura por estr\u00e9s por sobrecalentamiento a corto plazo (incluida la inertizaci\u00f3n de vapor).<\/li>\n<li>Fragilizaci\u00f3n de fase sigma.<\/li>\n<li>Corrosi\u00f3n del suelo.<\/li>\n<li>Corrosi\u00f3n por agua agria (\u00e1cida).<\/li>\n<li>Esferoidizaci\u00f3n (ablandamiento).<\/li>\n<li>Envejecimiento por cepas.<\/li>\n<li>Sulfuraci\u00f3n.<\/li>\n<li>Corrosi\u00f3n por \u00e1cido sulf\u00farico.<\/li>\n<li>Fragilizaci\u00f3n por temperamento.<\/li>\n<li>Fatiga t\u00e9rmica.<\/li>\n<li>Choque t\u00e9rmico.<\/li>\n<li>Hidrataci\u00f3n de titanio.<\/li>\n<li>Da\u00f1os por H2S h\u00famedo (ampollas\/HIC\/SOHIC\/SSC).<\/li>\n<li>Diagramas de flujo de proceso de la unidad de proceso.<\/li>\n<\/ul>\n<p>[\/vc_column_text][\/vc_column][vc_column width=&#8221;1\/2&#8243;][vc_gallery interval=&#8221;3&#8243; images=&#8221;506,507,508,509,510,511,512,513,514,515,516,517&#8243; img_size=&#8221;full&#8221;][\/vc_column][\/vc_row][vc_row][vc_column width=&#8221;1\/3&#8243;][vc_column_text css=&#8221;.vc_custom_1665424796467{padding-top: 10px !important;padding-right: 10px !important;padding-bottom: 10px !important;padding-left: 10px !important;background-color: #f2f2f2 !important;}&#8221; el_class=&#8221;text_gray&#8221;]<\/p>\n<h3 style=\"text-align: center;\"><strong>Instructor<\/strong><\/h3>\n<hr \/>\n<p style=\"text-align: justify;\">Petroleum Institute con amplia experiencia en la industria qu\u00edmica, petroqu\u00edmica y de refinaci\u00f3n.<\/p>\n<p>[\/vc_column_text][\/vc_column][vc_column width=&#8221;1\/3&#8243;][vc_column_text css=&#8221;.vc_custom_1665424808807{padding-top: 10px !important;padding-right: 10px !important;padding-bottom: 10px !important;padding-left: 10px !important;background-color: #f2f2f2 !important;}&#8221; el_class=&#8221;text_gray&#8221;]<\/p>\n<h3 style=\"text-align: center;\"><strong>Inclusiones<\/strong><\/h3>\n<hr \/>\n<ul style=\"text-align: justify;\">\n<li>Manual de capacitaci\u00f3n en electr\u00f3nico.<\/li>\n<li>Constancia de participaci\u00f3n con valor curricular.<\/li>\n<li>Constancia de calificaciones.<\/li>\n<\/ul>\n<p>[\/vc_column_text][\/vc_column][vc_column width=&#8221;1\/3&#8243;][vc_column_text css=&#8221;.vc_custom_1665424822191{padding-top: 10px !important;padding-right: 10px !important;padding-bottom: 10px !important;padding-left: 10px !important;background-color: #f2f2f2 !important;}&#8221; el_class=&#8221;text_gray&#8221;]<\/p>\n<h3 style=\"text-align: center;\"><strong>Modalidad<\/strong><\/h3>\n<hr \/>\n<ul style=\"text-align: justify;\">\n<li>40 horas de instrucci\u00f3n te\u00f3rica.<\/li>\n<li>Cursos en l\u00ednea o presenciales.<\/li>\n<li>Se pueden desarrollar cursos de acuerdo con las necesidades del cliente.<\/li>\n<\/ul>\n<p>[\/vc_column_text][\/vc_column][\/vc_row][vc_row full_width=&#8221;stretch_row_content_no_spaces&#8221; css=&#8221;.vc_custom_1668554040505{padding-right: 20px !important;padding-left: 20px !important;background-color: #d5d8e0 !important;}&#8221;][vc_column][vc_column_text]<\/p>\n<h3 style=\"text-align: center; color: #8089a1;\"><strong>\u00bfQuieres m\u00e1s informaci\u00f3n?<\/strong><\/h3>\n<p>[\/vc_column_text]\n            <div \n                class=\"elfsight-widget-form-builder elfsight-widget\" \n                data-elfsight-form-builder-options=\"%7B%22ei%22%3A%22%22%2C%22fields%22%3A%5B%7B%22type%22%3A%22text%22%2C%22placeholder%22%3A%22%22%2C%22description%22%3A%22%22%2C%22label%22%3A%22Nombre%22%2C%22required%22%3Atrue%2C%22columnWidth%22%3A100%2C%22id%22%3A%22%5Bnombre%5D%22%7D%2C%7B%22type%22%3A%22email%22%2C%22label%22%3A%22E-mail%22%2C%22description%22%3A%22%22%2C%22placeholder%22%3A%22%22%2C%22required%22%3Atrue%2C%22columnWidth%22%3A50%2C%22id%22%3A%22%5Be-mail%5D%22%7D%2C%7B%22type%22%3A%22phone%22%2C%22label%22%3A%22Tel%5Cu00e9fono%22%2C%22placeholder%22%3A%22%22%2C%22description%22%3A%22%22%2C%22required%22%3Atrue%2C%22columnWidth%22%3A50%2C%22id%22%3A%22%5Btel%5Cu00e9fono%5D%22%7D%2C%7B%22type%22%3A%22text%22%2C%22placeholder%22%3A%22%22%2C%22description%22%3A%22%22%2C%22label%22%3A%22%5Cu00bfC%5Cu00f3mo%20te%20podemos%20ayudar%3F%22%2C%22required%22%3Atrue%2C%22columnWidth%22%3A100%2C%22id%22%3A%22%5B%5Cu00bfc%5Cu00f3mo-te-podemos-ayudar%3F%5D%22%7D%5D%2C%22headerActive%22%3Afalse%2C%22headerTitle%22%3A%22Get%20in%20Touch%22%2C%22headerText%22%3A%22Leave%20your%20message%20and%20we%27ll%20get%20back%20to%20you%20shortly.%22%2C%22headerPictureUrl%22%3A%22message%22%2C%22footerText%22%3A%22%22%2C%22actionAfterSubmit%22%3A%22message%22%2C%22successMessage%22%3A%22Your%20message%20was%20successfully%20sent%21%20We%20will%20reply%20to%20you%20shortly.%22%2C%22successContinueText%22%3A%22OK%22%2C%22redirectUrl%22%3A%22https%3A%5C%2F%5C%2Fexample.com%22%2C%22submitText%22%3A%22Guardar%22%2C%22stepsMessagesDivider%22%3Anull%2C%22stepsMessagesTitle%22%3Anull%2C%22stepsText%22%3A%22step%20%251%20of%20%252%22%2C%22stepBackText%22%3A%22Back%22%2C%22stepNextText%22%3A%22Next%22%2C%22errorMessageAllRequired%22%3A%22Por%20favor%2C%20rellenar%20todos%20los%20campos%20requeridos%22%2C%22errorMessageAllIncorrect%22%3A%22Please%2C%20fill%20all%20the%20fields%20correctly%22%2C%22errorMessageSetMailTo%22%3A%22Please%2C%20set%20the%20email%20to%20send%20messages%20to%22%2C%22errorMessageRequiredCaptcha%22%3A%22Please%2C%20enter%20the%20captcha%22%2C%22errorMessageFileSizeLimit%22%3A%22File%20size%20limit%20exceeded%22%2C%22errorMessageFileNotAllowed%22%3A%22File%20extension%20not%20allowed%22%2C%22errorMessageUnknown%22%3A%22Unknown%20error%22%2C%22errorMessageRequired%22%3A%22Required%20field%22%2C%22errorMessageInvalid%22%3A%22Invalid%22%2C%22errorMessageInvalidEmail%22%3A%22Invalid%20email%22%2C%22errorMessageInvalidPhone%22%3A%22Invalid%20phone%20number%22%2C%22errorMessageInvalidUrl%22%3A%22Invalid%20URL%22%2C%22calendarWeekdaysShorthand%22%3A%22Sun%5CnMon%5CnTue%5CnWed%5CnThu%5CnFri%5CnSat%22%2C%22calendarMonthsLonghand%22%3A%22January%5CnFebruary%5CnMarch%5CnApril%5CnMay%5CnJune%5CnJuly%5CnAugust%5CnSeptember%5CnOctober%5CnNovember%5CnDecember%22%2C%22showProgress%22%3Atrue%2C%22recaptchaType%22%3A%22invisible%22%2C%22integrationsGoogleToken%22%3A%22%22%2C%22integrationsGoogleSheetId%22%3A%22%22%2C%22layout%22%3A%22default%22%2C%22floatingIcon%22%3A%22message%22%2C%22floatingText%22%3A%22%22%2C%22floatingPosition%22%3A%22right%22%2C%22width%22%3A%221200%22%2C%22style%22%3A%22classic-rounded%22%2C%22mainColor%22%3A%22rgb%28255%2C%20255%2C%20255%29%22%2C%22apiUrl%22%3A%22https%3A%5C%2F%5C%2Fingenieria-expertise.com%5C%2Findex.php%5C%2Fwp-json%5C%2Felfsight-form-builder%5C%2Fapi%22%2C%22recaptchaKeyCheckbox%22%3A%226LfXGHgUAAAAAHNIE_EH7kEI1l4xvf_ynIlg5bfo%22%2C%22recaptchaKeyInvisible%22%3A%226Ld1CXgUAAAAAFTHmixC1Eo-NP7_3ddB1YOj9AfX%22%2C%22widgetId%22%3A%221%22%7D\" \n                data-elfsight-form-builder-version=\"1.5.1\"\n                data-elfsight-widget-id=\"elfsight-form-builder-1\">\n            <\/div>\n            [\/vc_column][\/vc_row]<\/p>\n","protected":false},"excerpt":{"rendered":"<p>[vc_row full_width=&#8221;stretch_row_content&#8221; full_height=&#8221;yes&#8221; equal_height=&#8221;yes&#8221; css=&#8221;.vc_custom_1668191941089{background-image: url(https:\/\/ingenieria-expertise.com\/wp-content\/uploads\/2022\/11\/IngCurs-Banner-GRAL-1.jpg?id=387) !important;background-position: center !important;background-repeat: no-repeat !important;background-size: cover !important;}&#8221;][vc_column width=&#8221;1\/2&#8243;][vc_single_image image=&#8221;409&#8243; img_size=&#8221;full&#8221; alignment=&#8221;center&#8221;][\/vc_column][vc_column width=&#8221;1\/2&#8243;][vc_column_text el_class=&#8221;text_style&#8221;] Curso API 571. Mecanismos de deterioro que afectan equipos est\u00e1ticos en la industria de Refinaci\u00f3n. DESCRIPCI\u00d3N: Los mecanismos de da\u00f1o aplicables a las refiner\u00edas de petr\u00f3leo, aplicaciones petroqu\u00edmicas y otras aplicaciones industriales. Su objetivo es contribuir &#8230; <a title=\"API 571\" class=\"read-more\" href=\"https:\/\/ingenieria-expertise.com\/index.php\/api-571\/\" aria-label=\"More on API 571\">Read more<\/a><\/p>\n","protected":false},"author":1,"featured_media":0,"parent":0,"menu_order":0,"comment_status":"closed","ping_status":"closed","template":"","meta":{"footnotes":""},"class_list":["post-115","page","type-page","status-publish"],"_links":{"self":[{"href":"https:\/\/ingenieria-expertise.com\/index.php\/wp-json\/wp\/v2\/pages\/115","targetHints":{"allow":["GET"]}}],"collection":[{"href":"https:\/\/ingenieria-expertise.com\/index.php\/wp-json\/wp\/v2\/pages"}],"about":[{"href":"https:\/\/ingenieria-expertise.com\/index.php\/wp-json\/wp\/v2\/types\/page"}],"author":[{"embeddable":true,"href":"https:\/\/ingenieria-expertise.com\/index.php\/wp-json\/wp\/v2\/users\/1"}],"replies":[{"embeddable":true,"href":"https:\/\/ingenieria-expertise.com\/index.php\/wp-json\/wp\/v2\/comments?post=115"}],"version-history":[{"count":17,"href":"https:\/\/ingenieria-expertise.com\/index.php\/wp-json\/wp\/v2\/pages\/115\/revisions"}],"predecessor-version":[{"id":518,"href":"https:\/\/ingenieria-expertise.com\/index.php\/wp-json\/wp\/v2\/pages\/115\/revisions\/518"}],"wp:attachment":[{"href":"https:\/\/ingenieria-expertise.com\/index.php\/wp-json\/wp\/v2\/media?parent=115"}],"curies":[{"name":"wp","href":"https:\/\/api.w.org\/{rel}","templated":true}]}}