{"id":69,"date":"2022-09-26T03:48:08","date_gmt":"2022-09-26T03:48:08","guid":{"rendered":"https:\/\/ingenieria-expertise.com\/?page_id=69"},"modified":"2022-12-01T18:35:42","modified_gmt":"2022-12-01T18:35:42","slug":"api-579-1-y-api-579-2","status":"publish","type":"page","link":"https:\/\/ingenieria-expertise.com\/index.php\/api-579-1-y-api-579-2\/","title":{"rendered":"API 579-1 y API 579-2"},"content":{"rendered":"<p>[vc_row full_width=&#8221;stretch_row_content&#8221; full_height=&#8221;yes&#8221; equal_height=&#8221;yes&#8221; css=&#8221;.vc_custom_1668191882246{background-image: url(https:\/\/ingenieria-expertise.com\/wp-content\/uploads\/2022\/11\/IngCurs-Banner-GRAL-1.jpg?id=387) !important;background-position: center !important;background-repeat: no-repeat !important;background-size: cover !important;}&#8221;][vc_column width=&#8221;1\/2&#8243;][vc_single_image image=&#8221;394&#8243; img_size=&#8221;full&#8221; alignment=&#8221;center&#8221;][\/vc_column][vc_column width=&#8221;1\/2&#8243;][vc_column_text el_class=&#8221;text_style&#8221;]<\/p>\n<h1 style=\"text-align: center; color: #ff6600;\">Evaluaciones de aptitud para el Servicio de equipos est\u00e1ticos (Fitness for Service) conforme API 579-1 y API 579-2.<\/h1>\n<p style=\"text-transform: uppercase;\"><strong>DESCRIPCI\u00d3N:<\/strong><\/p>\n<p style=\"text-align: justify;\">Las evaluaciones de aptitud para el servicio son evaluaciones de ingenier\u00eda cuantitativa, que son realizadas para demostrar la integridad estructural de un componente en servicio que tiene un defecto o da\u00f1o, o que puede estar operando bajo una condici\u00f3n que podr\u00eda provocar una falla.<\/p>\n<p style=\"text-transform: uppercase;\"><strong>DIRIGIDO A:<\/strong><\/p>\n<p style=\"text-align: justify;\">Especialistas de ingenier\u00eda de equipo est\u00e1tico, relacionados con la integridad mec\u00e1nica de equipos de proceso -recipientes sujetos a presi\u00f3n, tuber\u00edas, tanques de almacenamiento-.<\/p>\n<p style=\"text-transform: uppercase;\"><strong>OBJETIVOS:<\/strong><\/p>\n<p style=\"text-align: justify;\">Conocer y aplicar las metodolog\u00edas \u201cFitness For Service\u201d\u00a0 en equipos est\u00e1ticos (recipientes a presi\u00f3n, cambiadores de calor, tanques, tuber\u00edas, etc.) para tomar la decisi\u00f3n de: reparar, reemplazar o mantener operando los equipos en condiciones seguras y confiables.<\/p>\n<p>[\/vc_column_text][\/vc_column][\/vc_row][vc_row][vc_column][vc_column_text css=&#8221;.vc_custom_1665424037992{padding-top: 10px !important;padding-bottom: 10px !important;background-color: #384f70 !important;}&#8221;]<\/p>\n<h2 style=\"text-align: center;\"><strong><span style=\"color: #ff6600;\">PROGRAMA<\/span><\/strong><\/h2>\n<p>[\/vc_column_text][\/vc_column][\/vc_row][vc_row][vc_column width=&#8221;1\/2&#8243;][vc_column_text]<\/p>\n<ul style=\"text-align: justify;\">\n<li>Introducci\u00f3n<\/li>\n<li>Parte 2. Procedimiento de evaluaci\u00f3n general.<\/li>\n<li>Parte 3. Evaluaci\u00f3n de fractura fr\u00e1gil.<\/li>\n<li>Parte 4. Evaluaci\u00f3n de p\u00e9rdida de metal general.<\/li>\n<li>Parte 5. Evaluaci\u00f3n de p\u00e9rdida de metal localizada.<\/li>\n<li>Parte 6. Evaluaci\u00f3n de corrosi\u00f3n por picaduras.<\/li>\n<li>Parte 7. Evaluaci\u00f3n de da\u00f1o por hidr\u00f3geno.<\/li>\n<li>Parte 8. Evaluaci\u00f3n de desalineamiento en soldaduras y distorsi\u00f3n de la envolvente.<\/li>\n<li>Parte 9. Evaluaci\u00f3n de fallas tipo grieta.<\/li>\n<li>Parte 10. Evaluaci\u00f3n de componentes operando en el rango de la fluencia (creep).<\/li>\n<li>Parte 11. Da\u00f1o por fuego.<\/li>\n<li>Parte 12. Evaluaci\u00f3n de abolladuras.<\/li>\n<li>Parte 13. Evaluaci\u00f3n de laminaciones.<\/li>\n<li>Parte 14. Evaluaci\u00f3n de da\u00f1o por fatiga.<\/li>\n<li>Ejemplos de aplicaci\u00f3n.<\/li>\n<\/ul>\n<p>[\/vc_column_text][\/vc_column][vc_column width=&#8221;1\/2&#8243;][vc_gallery interval=&#8221;3&#8243; images=&#8221;696,697,698,699,700,701,702,703,704,705,706,707,708,709,710,711,712,713,714,715,716,717,718,719,720,721,722,723,724,725,726&#8243; img_size=&#8221;full&#8221;][\/vc_column][\/vc_row][vc_row][vc_column width=&#8221;1\/3&#8243;][vc_column_text css=&#8221;.vc_custom_1665424796467{padding-top: 10px !important;padding-right: 10px !important;padding-bottom: 10px !important;padding-left: 10px !important;background-color: #f2f2f2 !important;}&#8221; el_class=&#8221;text_gray&#8221;]<\/p>\n<h3 style=\"text-align: center;\"><strong>Instructor<\/strong><\/h3>\n<hr \/>\n<p style=\"text-align: justify;\">Petroleum Institute con amplia experiencia en la industria qu\u00edmica, petroqu\u00edmica y de refinaci\u00f3n.<\/p>\n<p>[\/vc_column_text][\/vc_column][vc_column width=&#8221;1\/3&#8243;][vc_column_text css=&#8221;.vc_custom_1665424808807{padding-top: 10px !important;padding-right: 10px !important;padding-bottom: 10px !important;padding-left: 10px !important;background-color: #f2f2f2 !important;}&#8221; el_class=&#8221;text_gray&#8221;]<\/p>\n<h3 style=\"text-align: center;\"><strong>Inclusiones<\/strong><\/h3>\n<hr \/>\n<ul style=\"text-align: justify;\">\n<li>Manual de capacitaci\u00f3n en electr\u00f3nico.<\/li>\n<li>Constancia de participaci\u00f3n con valor curricular.<\/li>\n<li>Constancia de calificaciones.<\/li>\n<\/ul>\n<p>[\/vc_column_text][\/vc_column][vc_column width=&#8221;1\/3&#8243;][vc_column_text css=&#8221;.vc_custom_1665424822191{padding-top: 10px !important;padding-right: 10px !important;padding-bottom: 10px !important;padding-left: 10px !important;background-color: #f2f2f2 !important;}&#8221; el_class=&#8221;text_gray&#8221;]<\/p>\n<h3 style=\"text-align: center;\"><strong>Modalidad<\/strong><\/h3>\n<hr \/>\n<ul style=\"text-align: justify;\">\n<li>40 horas de instrucci\u00f3n te\u00f3rica.<\/li>\n<li>Cursos en l\u00ednea o presenciales.<\/li>\n<li>Se pueden desarrollar cursos de acuerdo con las necesidades del cliente.<\/li>\n<\/ul>\n<p>[\/vc_column_text][\/vc_column][\/vc_row][vc_row full_width=&#8221;stretch_row_content_no_spaces&#8221; css=&#8221;.vc_custom_1668554017538{padding-right: 20px !important;padding-left: 20px !important;background-color: #d5d8e0 !important;}&#8221;][vc_column][vc_column_text]<\/p>\n<h3 style=\"text-align: center; color: #8089a1;\"><strong>\u00bfQuieres m\u00e1s informaci\u00f3n?<\/strong><\/h3>\n<p>[\/vc_column_text]\n            <div \n                class=\"elfsight-widget-form-builder elfsight-widget\" \n                data-elfsight-form-builder-options=\"%7B%22ei%22%3A%22%22%2C%22fields%22%3A%5B%7B%22type%22%3A%22text%22%2C%22placeholder%22%3A%22%22%2C%22description%22%3A%22%22%2C%22label%22%3A%22Nombre%22%2C%22required%22%3Atrue%2C%22columnWidth%22%3A100%2C%22id%22%3A%22%5Bnombre%5D%22%7D%2C%7B%22type%22%3A%22email%22%2C%22label%22%3A%22E-mail%22%2C%22description%22%3A%22%22%2C%22placeholder%22%3A%22%22%2C%22required%22%3Atrue%2C%22columnWidth%22%3A50%2C%22id%22%3A%22%5Be-mail%5D%22%7D%2C%7B%22type%22%3A%22phone%22%2C%22label%22%3A%22Tel%5Cu00e9fono%22%2C%22placeholder%22%3A%22%22%2C%22description%22%3A%22%22%2C%22required%22%3Atrue%2C%22columnWidth%22%3A50%2C%22id%22%3A%22%5Btel%5Cu00e9fono%5D%22%7D%2C%7B%22type%22%3A%22text%22%2C%22placeholder%22%3A%22%22%2C%22description%22%3A%22%22%2C%22label%22%3A%22%5Cu00bfC%5Cu00f3mo%20te%20podemos%20ayudar%3F%22%2C%22required%22%3Atrue%2C%22columnWidth%22%3A100%2C%22id%22%3A%22%5B%5Cu00bfc%5Cu00f3mo-te-podemos-ayudar%3F%5D%22%7D%5D%2C%22headerActive%22%3Afalse%2C%22headerTitle%22%3A%22Get%20in%20Touch%22%2C%22headerText%22%3A%22Leave%20your%20message%20and%20we%27ll%20get%20back%20to%20you%20shortly.%22%2C%22headerPictureUrl%22%3A%22message%22%2C%22footerText%22%3A%22%22%2C%22actionAfterSubmit%22%3A%22message%22%2C%22successMessage%22%3A%22Your%20message%20was%20successfully%20sent%21%20We%20will%20reply%20to%20you%20shortly.%22%2C%22successContinueText%22%3A%22OK%22%2C%22redirectUrl%22%3A%22https%3A%5C%2F%5C%2Fexample.com%22%2C%22submitText%22%3A%22Guardar%22%2C%22stepsMessagesDivider%22%3Anull%2C%22stepsMessagesTitle%22%3Anull%2C%22stepsText%22%3A%22step%20%251%20of%20%252%22%2C%22stepBackText%22%3A%22Back%22%2C%22stepNextText%22%3A%22Next%22%2C%22errorMessageAllRequired%22%3A%22Por%20favor%2C%20rellenar%20todos%20los%20campos%20requeridos%22%2C%22errorMessageAllIncorrect%22%3A%22Please%2C%20fill%20all%20the%20fields%20correctly%22%2C%22errorMessageSetMailTo%22%3A%22Please%2C%20set%20the%20email%20to%20send%20messages%20to%22%2C%22errorMessageRequiredCaptcha%22%3A%22Please%2C%20enter%20the%20captcha%22%2C%22errorMessageFileSizeLimit%22%3A%22File%20size%20limit%20exceeded%22%2C%22errorMessageFileNotAllowed%22%3A%22File%20extension%20not%20allowed%22%2C%22errorMessageUnknown%22%3A%22Unknown%20error%22%2C%22errorMessageRequired%22%3A%22Required%20field%22%2C%22errorMessageInvalid%22%3A%22Invalid%22%2C%22errorMessageInvalidEmail%22%3A%22Invalid%20email%22%2C%22errorMessageInvalidPhone%22%3A%22Invalid%20phone%20number%22%2C%22errorMessageInvalidUrl%22%3A%22Invalid%20URL%22%2C%22calendarWeekdaysShorthand%22%3A%22Sun%5CnMon%5CnTue%5CnWed%5CnThu%5CnFri%5CnSat%22%2C%22calendarMonthsLonghand%22%3A%22January%5CnFebruary%5CnMarch%5CnApril%5CnMay%5CnJune%5CnJuly%5CnAugust%5CnSeptember%5CnOctober%5CnNovember%5CnDecember%22%2C%22showProgress%22%3Atrue%2C%22recaptchaType%22%3A%22invisible%22%2C%22integrationsGoogleToken%22%3A%22%22%2C%22integrationsGoogleSheetId%22%3A%22%22%2C%22layout%22%3A%22default%22%2C%22floatingIcon%22%3A%22message%22%2C%22floatingText%22%3A%22%22%2C%22floatingPosition%22%3A%22right%22%2C%22width%22%3A%221200%22%2C%22style%22%3A%22classic-rounded%22%2C%22mainColor%22%3A%22rgb%28255%2C%20255%2C%20255%29%22%2C%22apiUrl%22%3A%22https%3A%5C%2F%5C%2Fingenieria-expertise.com%5C%2Findex.php%5C%2Fwp-json%5C%2Felfsight-form-builder%5C%2Fapi%22%2C%22recaptchaKeyCheckbox%22%3A%226LfXGHgUAAAAAHNIE_EH7kEI1l4xvf_ynIlg5bfo%22%2C%22recaptchaKeyInvisible%22%3A%226Ld1CXgUAAAAAFTHmixC1Eo-NP7_3ddB1YOj9AfX%22%2C%22widgetId%22%3A%221%22%7D\" \n                data-elfsight-form-builder-version=\"1.5.1\"\n                data-elfsight-widget-id=\"elfsight-form-builder-1\">\n            <\/div>\n            [\/vc_column][\/vc_row]<\/p>\n","protected":false},"excerpt":{"rendered":"<p>[vc_row full_width=&#8221;stretch_row_content&#8221; full_height=&#8221;yes&#8221; equal_height=&#8221;yes&#8221; css=&#8221;.vc_custom_1668191882246{background-image: url(https:\/\/ingenieria-expertise.com\/wp-content\/uploads\/2022\/11\/IngCurs-Banner-GRAL-1.jpg?id=387) !important;background-position: center !important;background-repeat: no-repeat !important;background-size: cover !important;}&#8221;][vc_column width=&#8221;1\/2&#8243;][vc_single_image image=&#8221;394&#8243; img_size=&#8221;full&#8221; alignment=&#8221;center&#8221;][\/vc_column][vc_column width=&#8221;1\/2&#8243;][vc_column_text el_class=&#8221;text_style&#8221;] Evaluaciones de aptitud para el Servicio de equipos est\u00e1ticos (Fitness for Service) conforme API 579-1 y API 579-2. DESCRIPCI\u00d3N: Las evaluaciones de aptitud para el servicio son evaluaciones de ingenier\u00eda cuantitativa, que son realizadas para demostrar &#8230; <a title=\"API 579-1 y API 579-2\" class=\"read-more\" href=\"https:\/\/ingenieria-expertise.com\/index.php\/api-579-1-y-api-579-2\/\" aria-label=\"More on API 579-1 y API 579-2\">Read more<\/a><\/p>\n","protected":false},"author":1,"featured_media":0,"parent":0,"menu_order":0,"comment_status":"closed","ping_status":"closed","template":"","meta":{"footnotes":""},"class_list":["post-69","page","type-page","status-publish"],"_links":{"self":[{"href":"https:\/\/ingenieria-expertise.com\/index.php\/wp-json\/wp\/v2\/pages\/69","targetHints":{"allow":["GET"]}}],"collection":[{"href":"https:\/\/ingenieria-expertise.com\/index.php\/wp-json\/wp\/v2\/pages"}],"about":[{"href":"https:\/\/ingenieria-expertise.com\/index.php\/wp-json\/wp\/v2\/types\/page"}],"author":[{"embeddable":true,"href":"https:\/\/ingenieria-expertise.com\/index.php\/wp-json\/wp\/v2\/users\/1"}],"replies":[{"embeddable":true,"href":"https:\/\/ingenieria-expertise.com\/index.php\/wp-json\/wp\/v2\/comments?post=69"}],"version-history":[{"count":30,"href":"https:\/\/ingenieria-expertise.com\/index.php\/wp-json\/wp\/v2\/pages\/69\/revisions"}],"predecessor-version":[{"id":727,"href":"https:\/\/ingenieria-expertise.com\/index.php\/wp-json\/wp\/v2\/pages\/69\/revisions\/727"}],"wp:attachment":[{"href":"https:\/\/ingenieria-expertise.com\/index.php\/wp-json\/wp\/v2\/media?parent=69"}],"curies":[{"name":"wp","href":"https:\/\/api.w.org\/{rel}","templated":true}]}}