{"id":98,"date":"2022-09-26T04:55:39","date_gmt":"2022-09-26T04:55:39","guid":{"rendered":"https:\/\/ingenieria-expertise.com\/?page_id=98"},"modified":"2022-12-01T18:02:37","modified_gmt":"2022-12-01T18:02:37","slug":"api-653","status":"publish","type":"page","link":"https:\/\/ingenieria-expertise.com\/index.php\/api-653\/","title":{"rendered":"API 653"},"content":{"rendered":"<p>[vc_row full_width=&#8221;stretch_row_content&#8221; full_height=&#8221;yes&#8221; equal_height=&#8221;yes&#8221; css=&#8221;.vc_custom_1668191746105{background-image: url(https:\/\/ingenieria-expertise.com\/wp-content\/uploads\/2022\/11\/IngCurs-Banner-GRAL-1.jpg?id=387) !important;background-position: center !important;background-repeat: no-repeat !important;background-size: cover !important;}&#8221;][vc_column width=&#8221;1\/2&#8243;][vc_single_image image=&#8221;396&#8243; img_size=&#8221;full&#8221; alignment=&#8221;center&#8221;][\/vc_column][vc_column width=&#8221;1\/2&#8243;][vc_column_text el_class=&#8221;text_style&#8221;]<\/p>\n<h1 style=\"text-align: center; color: #ff6600;\">Curso de Inspecci\u00f3n API 653: Inspecci\u00f3n, Reparaci\u00f3n, Alteraci\u00f3n y Reconstrucci\u00f3n de Tanques.<\/h1>\n<p style=\"text-transform: uppercase;\"><strong>DESCRIPCI\u00d3N:<\/strong><\/p>\n<p style=\"text-align: justify;\">Los requisitos m\u00ednimos para mantener la integridad de tanques de almacenamiento de acero construidos, seg\u00fan API 650 y su predecesor API 12C, despu\u00e9s de que se hayan puesto en servicio, se aborda la inspecci\u00f3n, reparaci\u00f3n, alteraci\u00f3n, reubicaci\u00f3n y reconstrucci\u00f3n.<\/p>\n<p style=\"text-transform: uppercase;\"><strong>DIRIGIDO A:<\/strong><\/p>\n<ul style=\"text-align: justify;\">\n<li>Ingenieros de confiabilidad de plantas industriales.<\/li>\n<li>Especialistas en inspecci\u00f3n, mantenimiento e integridad mec\u00e1nica.<\/li>\n<li>Todos aquellos involucrados en la seguridad de las instalaciones industriales de plantas qu\u00edmicas, de gas, petroqu\u00edmica y de refinaci\u00f3n; terminales de almacenamiento y recibo de petrol\u00edferos, y terminales de almacenamiento y distribuci\u00f3n de petrol\u00edferos<\/li>\n<\/ul>\n<p style=\"text-transform: uppercase;\"><strong>OBJETIVOS:<\/strong><\/p>\n<ul style=\"text-align: justify;\">\n<li>Obtenerlos en las metodolog\u00edas API para la inspecci\u00f3n en servicio, reparaciones, modificaciones, alteraciones y rehabilitaci\u00f3n de tanques de almacenamiento de plantas industriales.<\/li>\n<li>Extender la vida \u00fatil de los tanques de almacenamiento.<\/li>\n<li>Reducir riesgos de accidentes.<\/li>\n<li>Conocer las nuevas tendencias de inspecci\u00f3n en servicio y metodolog\u00edas API.<\/li>\n<li>Adquirir los conocimientos de integridad mec\u00e1nica con el concepto API para el mantenimiento predictivo.<\/li>\n<li>Conocer c\u00f3mo se elabora una matriz de rehabilitaci\u00f3n y sentar las bases para la administraci\u00f3n del ciclo de vida de un activo.<\/li>\n<\/ul>\n<p>[\/vc_column_text][\/vc_column][\/vc_row][vc_row][vc_column][vc_column_text css=&#8221;.vc_custom_1665424037992{padding-top: 10px !important;padding-bottom: 10px !important;background-color: #384f70 !important;}&#8221;]<\/p>\n<h2 style=\"text-align: center;\"><strong><span style=\"color: #ff6600;\">PROGRAMA<\/span><\/strong><\/h2>\n<p>[\/vc_column_text][\/vc_column][\/vc_row][vc_row][vc_column width=&#8221;1\/2&#8243;][vc_column_text]<\/p>\n<ul style=\"text-align: justify;\">\n<li>Alcance<\/li>\n<li>Pr\u00e1cticas seguras de trabajo.<\/li>\n<li>Referencias de normatividad.<\/li>\n<li>T\u00e9rminos y definiciones.<\/li>\n<li>Evaluaci\u00f3n del techo del tanque.<\/li>\n<li>Evaluaci\u00f3n de la envolvente del tanque.<\/li>\n<li>Evaluaci\u00f3n del fondo del tanque.<\/li>\n<li>Evaluaci\u00f3n de la base del tanque.<\/li>\n<li>Consideraciones sobre fractura fr\u00e1gil.<\/li>\n<li>Inspecci\u00f3n.<\/li>\n<li>Consideraciones sobre la frecuencia de las inspecciones.<\/li>\n<li>Inspecciones desde el exterior del tanque.<\/li>\n<li>Inspecci\u00f3n interna.<\/li>\n<li>Alternativa a la inspecci\u00f3n interna para determinar el espesor del fondo.<\/li>\n<li>Listas de verificaci\u00f3n de inspecci\u00f3n.<\/li>\n<li>Pruebas no destructivas.<\/li>\n<li>Materiales originales para tanques reconstruidos.<\/li>\n<li>Consumibles de soldadura.<\/li>\n<li>Consideraciones de dise\u00f1o para tanques reconstruidos.<\/li>\n<li>Juntas de soldadura nuevas.<\/li>\n<li>Juntas de soldadura existentes.<\/li>\n<li>Dise\u00f1o de la envolvente.<\/li>\n<li>Penetraciones en la envolvente.<\/li>\n<li>Estabilidad de la envolvente y atiesadores.<\/li>\n<li>Dise\u00f1o s\u00edsmico.<\/li>\n<li>Reparaci\u00f3n y alteraci\u00f3n de tanques.<\/li>\n<li>Retiro y reemplazo del material de la placa de la envolvente.<\/li>\n<li>Reparaciones de la envolvente, utilizando placas de parche soldadas por traslape.<\/li>\n<li>Reparaci\u00f3n de defectos en el material de la placa de la envolvente.<\/li>\n<li>Alteraci\u00f3n de los anillos de los tanques para cambiar la altura de la envolvente.<\/li>\n<li>Reparaci\u00f3n de soldaduras defectuosas.<\/li>\n<li>Reparaci\u00f3n de las penetraciones de la envolvente.<\/li>\n<li>Adici\u00f3n o reemplazo de las penetraciones de la envolvente.<\/li>\n<li>Alteraci\u00f3n de las penetraciones existentes de la envolvente.<\/li>\n<li>Reparaci\u00f3n de fondos de tanques.<\/li>\n<li>Reparaci\u00f3n de techos fijos.<\/li>\n<li>Reparaci\u00f3n de techos flotantes.<\/li>\n<li>Reparaci\u00f3n o reemplazo de sellos perimetrales de techo flotante.<\/li>\n<li>Desmantelamiento y reconstrucci\u00f3n.<\/li>\n<li>Pruebas no destructivas.<\/li>\n<li>Mantenimiento de registros.<\/li>\n<\/ul>\n<p>[\/vc_column_text][\/vc_column][vc_column width=&#8221;1\/2&#8243;][vc_gallery interval=&#8221;3&#8243; images=&#8221;543,544,545,546,547,548,549,550,551,552,553,554,555,556,557,558,559,560,561,562,563,564,565,566,567,568,569,570,571,572,573,574,575,576,577,578,579,580,581,582,583,584,585,586,587,588,589,590,591,592,593,594,595,596,597,598,599,600,601,602,603,604,605,606,607,608,609,610,611,612&#8243; img_size=&#8221;full&#8221;][\/vc_column][\/vc_row][vc_row][vc_column width=&#8221;1\/3&#8243;][vc_column_text css=&#8221;.vc_custom_1665424796467{padding-top: 10px !important;padding-right: 10px !important;padding-bottom: 10px !important;padding-left: 10px !important;background-color: #f2f2f2 !important;}&#8221; el_class=&#8221;text_gray&#8221;]<\/p>\n<h3 style=\"text-align: center;\"><strong>Instructor<\/strong><\/h3>\n<hr \/>\n<p style=\"text-align: justify;\">Petroleum Institute con amplia experiencia en la industria qu\u00edmica, petroqu\u00edmica y de refinaci\u00f3n.<\/p>\n<p>[\/vc_column_text][\/vc_column][vc_column width=&#8221;1\/3&#8243;][vc_column_text css=&#8221;.vc_custom_1665424808807{padding-top: 10px !important;padding-right: 10px !important;padding-bottom: 10px !important;padding-left: 10px !important;background-color: #f2f2f2 !important;}&#8221; el_class=&#8221;text_gray&#8221;]<\/p>\n<h3 style=\"text-align: center;\"><strong>Inclusiones<\/strong><\/h3>\n<hr \/>\n<ul style=\"text-align: justify;\">\n<li>Manual de capacitaci\u00f3n en electr\u00f3nico.<\/li>\n<li>Constancia de participaci\u00f3n con valor curricular.<\/li>\n<li>Constancia de calificaciones.<\/li>\n<\/ul>\n<p>[\/vc_column_text][\/vc_column][vc_column width=&#8221;1\/3&#8243;][vc_column_text css=&#8221;.vc_custom_1665424822191{padding-top: 10px !important;padding-right: 10px !important;padding-bottom: 10px !important;padding-left: 10px !important;background-color: #f2f2f2 !important;}&#8221; el_class=&#8221;text_gray&#8221;]<\/p>\n<h3 style=\"text-align: center;\"><strong>Modalidad<\/strong><\/h3>\n<hr \/>\n<ul style=\"text-align: justify;\">\n<li>40 horas de instrucci\u00f3n te\u00f3rica.<\/li>\n<li>Cursos en l\u00ednea o presenciales.<\/li>\n<li>Se pueden desarrollar cursos de acuerdo con las necesidades del cliente.<\/li>\n<\/ul>\n<p>[\/vc_column_text][\/vc_column][\/vc_row][vc_row full_width=&#8221;stretch_row_content_no_spaces&#8221; css=&#8221;.vc_custom_1668554054348{padding-right: 20px !important;padding-left: 20px !important;background-color: #d5d8e0 !important;}&#8221;][vc_column][vc_column_text]<\/p>\n<h3 style=\"text-align: center; color: #8089a1;\"><strong>\u00bfQuieres m\u00e1s informaci\u00f3n?<\/strong><\/h3>\n<p>[\/vc_column_text]\n            <div \n                class=\"elfsight-widget-form-builder elfsight-widget\" \n                data-elfsight-form-builder-options=\"%7B%22ei%22%3A%22%22%2C%22fields%22%3A%5B%7B%22type%22%3A%22text%22%2C%22placeholder%22%3A%22%22%2C%22description%22%3A%22%22%2C%22label%22%3A%22Nombre%22%2C%22required%22%3Atrue%2C%22columnWidth%22%3A100%2C%22id%22%3A%22%5Bnombre%5D%22%7D%2C%7B%22type%22%3A%22email%22%2C%22label%22%3A%22E-mail%22%2C%22description%22%3A%22%22%2C%22placeholder%22%3A%22%22%2C%22required%22%3Atrue%2C%22columnWidth%22%3A50%2C%22id%22%3A%22%5Be-mail%5D%22%7D%2C%7B%22type%22%3A%22phone%22%2C%22label%22%3A%22Tel%5Cu00e9fono%22%2C%22placeholder%22%3A%22%22%2C%22description%22%3A%22%22%2C%22required%22%3Atrue%2C%22columnWidth%22%3A50%2C%22id%22%3A%22%5Btel%5Cu00e9fono%5D%22%7D%2C%7B%22type%22%3A%22text%22%2C%22placeholder%22%3A%22%22%2C%22description%22%3A%22%22%2C%22label%22%3A%22%5Cu00bfC%5Cu00f3mo%20te%20podemos%20ayudar%3F%22%2C%22required%22%3Atrue%2C%22columnWidth%22%3A100%2C%22id%22%3A%22%5B%5Cu00bfc%5Cu00f3mo-te-podemos-ayudar%3F%5D%22%7D%5D%2C%22headerActive%22%3Afalse%2C%22headerTitle%22%3A%22Get%20in%20Touch%22%2C%22headerText%22%3A%22Leave%20your%20message%20and%20we%27ll%20get%20back%20to%20you%20shortly.%22%2C%22headerPictureUrl%22%3A%22message%22%2C%22footerText%22%3A%22%22%2C%22actionAfterSubmit%22%3A%22message%22%2C%22successMessage%22%3A%22Your%20message%20was%20successfully%20sent%21%20We%20will%20reply%20to%20you%20shortly.%22%2C%22successContinueText%22%3A%22OK%22%2C%22redirectUrl%22%3A%22https%3A%5C%2F%5C%2Fexample.com%22%2C%22submitText%22%3A%22Guardar%22%2C%22stepsMessagesDivider%22%3Anull%2C%22stepsMessagesTitle%22%3Anull%2C%22stepsText%22%3A%22step%20%251%20of%20%252%22%2C%22stepBackText%22%3A%22Back%22%2C%22stepNextText%22%3A%22Next%22%2C%22errorMessageAllRequired%22%3A%22Por%20favor%2C%20rellenar%20todos%20los%20campos%20requeridos%22%2C%22errorMessageAllIncorrect%22%3A%22Please%2C%20fill%20all%20the%20fields%20correctly%22%2C%22errorMessageSetMailTo%22%3A%22Please%2C%20set%20the%20email%20to%20send%20messages%20to%22%2C%22errorMessageRequiredCaptcha%22%3A%22Please%2C%20enter%20the%20captcha%22%2C%22errorMessageFileSizeLimit%22%3A%22File%20size%20limit%20exceeded%22%2C%22errorMessageFileNotAllowed%22%3A%22File%20extension%20not%20allowed%22%2C%22errorMessageUnknown%22%3A%22Unknown%20error%22%2C%22errorMessageRequired%22%3A%22Required%20field%22%2C%22errorMessageInvalid%22%3A%22Invalid%22%2C%22errorMessageInvalidEmail%22%3A%22Invalid%20email%22%2C%22errorMessageInvalidPhone%22%3A%22Invalid%20phone%20number%22%2C%22errorMessageInvalidUrl%22%3A%22Invalid%20URL%22%2C%22calendarWeekdaysShorthand%22%3A%22Sun%5CnMon%5CnTue%5CnWed%5CnThu%5CnFri%5CnSat%22%2C%22calendarMonthsLonghand%22%3A%22January%5CnFebruary%5CnMarch%5CnApril%5CnMay%5CnJune%5CnJuly%5CnAugust%5CnSeptember%5CnOctober%5CnNovember%5CnDecember%22%2C%22showProgress%22%3Atrue%2C%22recaptchaType%22%3A%22invisible%22%2C%22integrationsGoogleToken%22%3A%22%22%2C%22integrationsGoogleSheetId%22%3A%22%22%2C%22layout%22%3A%22default%22%2C%22floatingIcon%22%3A%22message%22%2C%22floatingText%22%3A%22%22%2C%22floatingPosition%22%3A%22right%22%2C%22width%22%3A%221200%22%2C%22style%22%3A%22classic-rounded%22%2C%22mainColor%22%3A%22rgb%28255%2C%20255%2C%20255%29%22%2C%22apiUrl%22%3A%22https%3A%5C%2F%5C%2Fingenieria-expertise.com%5C%2Findex.php%5C%2Fwp-json%5C%2Felfsight-form-builder%5C%2Fapi%22%2C%22recaptchaKeyCheckbox%22%3A%226LfXGHgUAAAAAHNIE_EH7kEI1l4xvf_ynIlg5bfo%22%2C%22recaptchaKeyInvisible%22%3A%226Ld1CXgUAAAAAFTHmixC1Eo-NP7_3ddB1YOj9AfX%22%2C%22widgetId%22%3A%221%22%7D\" \n                data-elfsight-form-builder-version=\"1.5.1\"\n                data-elfsight-widget-id=\"elfsight-form-builder-1\">\n            <\/div>\n            [\/vc_column][\/vc_row]<\/p>\n","protected":false},"excerpt":{"rendered":"<p>[vc_row full_width=&#8221;stretch_row_content&#8221; full_height=&#8221;yes&#8221; equal_height=&#8221;yes&#8221; css=&#8221;.vc_custom_1668191746105{background-image: url(https:\/\/ingenieria-expertise.com\/wp-content\/uploads\/2022\/11\/IngCurs-Banner-GRAL-1.jpg?id=387) !important;background-position: center !important;background-repeat: no-repeat !important;background-size: cover !important;}&#8221;][vc_column width=&#8221;1\/2&#8243;][vc_single_image image=&#8221;396&#8243; img_size=&#8221;full&#8221; alignment=&#8221;center&#8221;][\/vc_column][vc_column width=&#8221;1\/2&#8243;][vc_column_text el_class=&#8221;text_style&#8221;] Curso de Inspecci\u00f3n API 653: Inspecci\u00f3n, Reparaci\u00f3n, Alteraci\u00f3n y Reconstrucci\u00f3n de Tanques. DESCRIPCI\u00d3N: Los requisitos m\u00ednimos para mantener la integridad de tanques de almacenamiento de acero construidos, seg\u00fan API 650 y su predecesor API 12C, despu\u00e9s &#8230; <a title=\"API 653\" class=\"read-more\" href=\"https:\/\/ingenieria-expertise.com\/index.php\/api-653\/\" aria-label=\"More on API 653\">Read more<\/a><\/p>\n","protected":false},"author":1,"featured_media":0,"parent":0,"menu_order":0,"comment_status":"closed","ping_status":"closed","template":"","meta":{"footnotes":""},"class_list":["post-98","page","type-page","status-publish"],"_links":{"self":[{"href":"https:\/\/ingenieria-expertise.com\/index.php\/wp-json\/wp\/v2\/pages\/98","targetHints":{"allow":["GET"]}}],"collection":[{"href":"https:\/\/ingenieria-expertise.com\/index.php\/wp-json\/wp\/v2\/pages"}],"about":[{"href":"https:\/\/ingenieria-expertise.com\/index.php\/wp-json\/wp\/v2\/types\/page"}],"author":[{"embeddable":true,"href":"https:\/\/ingenieria-expertise.com\/index.php\/wp-json\/wp\/v2\/users\/1"}],"replies":[{"embeddable":true,"href":"https:\/\/ingenieria-expertise.com\/index.php\/wp-json\/wp\/v2\/comments?post=98"}],"version-history":[{"count":12,"href":"https:\/\/ingenieria-expertise.com\/index.php\/wp-json\/wp\/v2\/pages\/98\/revisions"}],"predecessor-version":[{"id":613,"href":"https:\/\/ingenieria-expertise.com\/index.php\/wp-json\/wp\/v2\/pages\/98\/revisions\/613"}],"wp:attachment":[{"href":"https:\/\/ingenieria-expertise.com\/index.php\/wp-json\/wp\/v2\/media?parent=98"}],"curies":[{"name":"wp","href":"https:\/\/api.w.org\/{rel}","templated":true}]}}